{"id":103,"date":"2023-11-14T15:01:29","date_gmt":"2023-11-14T18:01:29","guid":{"rendered":"https:\/\/paulolimajunior.adv.br\/?page_id=103"},"modified":"2023-11-29T15:02:06","modified_gmt":"2023-11-29T18:02:06","slug":"servicos-legais","status":"publish","type":"page","link":"https:\/\/paulolimajunior.adv.br\/?page_id=103","title":{"rendered":"Servi\u00e7os Legais"},"content":{"rendered":"\n<p>O que podemos fazer por voc\u00ea:<\/p>\n\n\n\n<p><\/p>\n\n\n\n<h2 class=\"wp-block-heading has-text-color has-link-color wp-elements-53464e926447f77088369460333a3c3e\" style=\"color:#1efe00\"><strong>Consultoria Jur\u00eddica &#8211; Advocacia Consultiva<\/strong><\/h2>\n\n\n\n<p class=\"has-background\" style=\"background-color:#37a4003b\">Atrav\u00e9s da consultoria jur\u00eddica oferecemos <strong>orienta\u00e7\u00e3o legal<\/strong> para empresas, organiza\u00e7\u00f5es ou indiv\u00edduos. Envolve uma <strong>an\u00e1lise aprofundada e especializada de quest\u00f5es jur\u00eddicas<\/strong> espec\u00edficas que os clientes enfrentam em suas atividades.<\/p>\n\n\n\n<p>Revis\u00e3o de <strong>contratos<\/strong>, <strong>regulamentos<\/strong>, <strong>pol\u00edticas internas e quest\u00f5es legais em potencial<\/strong> para orientar as partes interessadas <strong>sobre poss\u00edveis riscos<\/strong> e as<strong> melhores pr\u00e1ticas legais<\/strong>. S\u00e3o elaborados pareceres legais, com interpreta\u00e7\u00e3o de leis complexas e recomenda\u00e7\u00f5es para garantir que as a\u00e7\u00f5es dos clientes estejam em conformidade com a legisla\u00e7\u00e3o aplic\u00e1vel.<\/p>\n\n\n\n<p>Al\u00e9m disso, a consultoria jur\u00eddica pode incluir <strong>aconselhamento estrat\u00e9gico para minimizar riscos legais<\/strong>, <strong>resolver disputas extrajudiciais<\/strong> e <strong>evitar lit\u00edgios futuros<\/strong>, proporcionando uma abordagem proativa na gest\u00e3o de quest\u00f5es legais que possam surgir.<\/p>\n\n\n\n<p>Esse tipo de atua\u00e7\u00e3o tamb\u00e9m \u00e9 conhecida como <strong><em>Compliance<\/em> Legal<\/strong>, e est\u00e1 inserido no \u00e2mbito da <strong>Gest\u00e3o de Riscos. <\/strong><\/p>\n\n\n\n<h2 class=\"wp-block-heading has-text-color has-link-color wp-elements-cb7f778292275cf13b8b5884d0ae7387\" style=\"color:#1efe00\"><strong>Representa\u00e7\u00e3o em Lit\u00edgios &#8211; Advocacia Litigiosa<\/strong><\/h2>\n\n\n\n<p class=\"has-background\" style=\"background-color:#1b700378\">A representa\u00e7\u00e3o em lit\u00edgios \u00e9 a atua\u00e7\u00e3o de advogados em nome de seus clientes em <strong>processos judiciais ou outras disputas legais<\/strong>. Esse servi\u00e7o envolve uma s\u00e9rie de etapas e responsabilidades:<\/p>\n\n\n\n<ol>\n<li><strong>Avalia\u00e7\u00e3o do Caso:<\/strong> An\u00e1lise dos detalhes do caso, revisando evid\u00eancias, leis aplic\u00e1veis e precedentes legais relevantes para entender a viabilidade e estrat\u00e9gia apropriada.<\/li>\n\n\n\n<li><strong>Prepara\u00e7\u00e3o e Documenta\u00e7\u00e3o:<\/strong> Isso inclui a reda\u00e7\u00e3o de pe\u00e7as jur\u00eddicas para serem apresentados aos \u00f3rg\u00e3os jurisdicionais competentes, como: peti\u00e7\u00f5es, recursos, alega\u00e7\u00f5es, contesta\u00e7\u00f5es e outros documentos legais necess\u00e1rios para o processo judicial.<\/li>\n\n\n\n<li><strong>Comparecimento \u00e0s Audi\u00eancias:<\/strong> Representando o cliente em audi\u00eancias, sustentando argumentos, apresentando evid\u00eancias e defendendo os interesses do cliente perante o juiz ou tribunal.<\/li>\n\n\n\n<li><strong>Negocia\u00e7\u00f5es e Media\u00e7\u00e3o:<\/strong> Em muitos casos, antes ou durante o processo, ocorrem tentativas de resolver a disputa por meio de negocia\u00e7\u00f5es ou media\u00e7\u00e3o. Tamb\u00e9m s\u00e3o chamadas de Meios Alternativos de Solu\u00e7\u00e3o de Conflitos. O advogado representa o cliente nessas negocia\u00e7\u00f5es para buscar um acordo favor\u00e1vel. Essas op\u00e7\u00f5es podem reduzir o tempo para a resolu\u00e7\u00e3o dos conflitos e colocam o poder de decis\u00e3o nas m\u00e3os das partes. <\/li>\n\n\n\n<li><strong>A\u00e7\u00f5es e Recursos:<\/strong> Caso n\u00e3o seja poss\u00edvel outra forma de resolu\u00e7\u00e3o amig\u00e1vel, o advogado postula perante o Poder Judici\u00e1rio (com seus v\u00e1rios \u00f3rg\u00e3os jurisdicionais), representando o direito de a\u00e7\u00e3o do cliente para provocar a resposta do \u00f3rg\u00e3o julgador. Em caso de inconformismo com a decis\u00e3o recebida, o advogado pode preparar e apresentar recursos apropriados para cada situa\u00e7\u00e3o.<\/li>\n<\/ol>\n\n\n\n<p class=\"has-background\" style=\"background-color:#1b70038f\">A representa\u00e7\u00e3o em lit\u00edgios requer conhecimento jur\u00eddico especializado, habilidades de argumenta\u00e7\u00e3o persuasiva, entendimento dos procedimentos judiciais e a capacidade de defender os interesses do cliente de forma eficaz perante o sistema legal.<\/p>\n","protected":false},"excerpt":{"rendered":"<p>O que podemos fazer por voc\u00ea: Consultoria Jur\u00eddica &#8211; Advocacia Consultiva Atrav\u00e9s da consultoria jur\u00eddica oferecemos orienta\u00e7\u00e3o legal para empresas, organiza\u00e7\u00f5es ou indiv\u00edduos. Envolve uma an\u00e1lise aprofundada e especializada de quest\u00f5es jur\u00eddicas espec\u00edficas que os clientes enfrentam em suas atividades. Revis\u00e3o de contratos, regulamentos, pol\u00edticas internas e quest\u00f5es legais em potencial para orientar as partes &#8230; <a title=\"Servi\u00e7os Legais\" class=\"read-more\" href=\"https:\/\/paulolimajunior.adv.br\/?page_id=103\" aria-label=\"More on Servi\u00e7os Legais\">Read more<\/a><\/p>\n","protected":false},"author":1,"featured_media":0,"parent":0,"menu_order":0,"comment_status":"closed","ping_status":"closed","template":"","meta":{"_monsterinsights_skip_tracking":false,"_monsterinsights_sitenote_active":false,"_monsterinsights_sitenote_note":"","_monsterinsights_sitenote_category":0,"_uf_show_specific_survey":0,"_uf_disable_surveys":false,"footnotes":""},"aioseo_notices":[],"_links":{"self":[{"href":"https:\/\/paulolimajunior.adv.br\/index.php?rest_route=\/wp\/v2\/pages\/103"}],"collection":[{"href":"https:\/\/paulolimajunior.adv.br\/index.php?rest_route=\/wp\/v2\/pages"}],"about":[{"href":"https:\/\/paulolimajunior.adv.br\/index.php?rest_route=\/wp\/v2\/types\/page"}],"author":[{"embeddable":true,"href":"https:\/\/paulolimajunior.adv.br\/index.php?rest_route=\/wp\/v2\/users\/1"}],"replies":[{"embeddable":true,"href":"https:\/\/paulolimajunior.adv.br\/index.php?rest_route=%2Fwp%2Fv2%2Fcomments&post=103"}],"version-history":[{"count":4,"href":"https:\/\/paulolimajunior.adv.br\/index.php?rest_route=\/wp\/v2\/pages\/103\/revisions"}],"predecessor-version":[{"id":145,"href":"https:\/\/paulolimajunior.adv.br\/index.php?rest_route=\/wp\/v2\/pages\/103\/revisions\/145"}],"wp:attachment":[{"href":"https:\/\/paulolimajunior.adv.br\/index.php?rest_route=%2Fwp%2Fv2%2Fmedia&parent=103"}],"curies":[{"name":"wp","href":"https:\/\/api.w.org\/{rel}","templated":true}]}}